{"id":3211,"date":"2024-04-03T23:22:31","date_gmt":"2024-04-03T23:22:31","guid":{"rendered":"https:\/\/uncertain2degrees.blogs.uni-hamburg.de\/?page_id=3211"},"modified":"2024-06-11T15:46:36","modified_gmt":"2024-06-11T15:46:36","slug":"session-plan-2024","status":"publish","type":"page","link":"https:\/\/uncertain2degrees.blogs.uni-hamburg.de\/?page_id=3211","title":{"rendered":"Session Plan 2024"},"content":{"rendered":"<p>&nbsp;<\/p>\n<table style=\"height: 2285px;\" width=\"658\">\n<tbody>\n<tr>\n<td width=\"66\"><strong>Number<\/strong><\/p>\n<p><strong>Date<\/strong><\/td>\n<td width=\"576\"><strong>Topic<\/strong><\/td>\n<\/tr>\n<tr>\n<td width=\"66\">1<\/p>\n<p>04.04.<\/td>\n<td width=\"576\">\n<p data-ccp-props=\"{&quot;335559683&quot;:0}\">Introduction to the course and to Climate Futures<\/p>\n<p data-ccp-props=\"{&quot;335559683&quot;:0}\"><em>Lars Kutzbach<\/em><\/p>\n<\/td>\n<\/tr>\n<tr>\n<td width=\"66\">2<\/p>\n<p>11.04.<\/td>\n<td width=\"576\"><span class=\"TextRun BCX2 SCXP100086921\" lang=\"EN-US\" xml:lang=\"EN-US\" data-usefontface=\"false\" data-contrast=\"none\"><span class=\"NormalTextRun BCX2 SCXP100086921\"><span class=\"TextRun BCX2 SCXP265478559\" lang=\"EN-US\" xml:lang=\"EN-US\" data-usefontface=\"false\" data-contrast=\"none\"><span class=\"NormalTextRun BCX2 SCXP265478559\">Introduction to the Hamburg Climate Futures Outlook<\/span><\/span><\/span><\/span><\/p>\n<p><em>Mauricio Andr\u00e9s L\u00f3pez Rivera<\/em><\/p>\n<p><span style=\"text-decoration: underline;\">Additionally<\/span>:<\/p>\n<p>Introduction to the course blog<\/p>\n<p><em>J\u00f6rn Behrens<\/em><\/td>\n<\/tr>\n<tr>\n<td width=\"66\">3<\/p>\n<p>18.04.<\/td>\n<td width=\"576\">Mathematical perspectives on climate futures<\/p>\n<p><em>J\u00f6rn Behrens<\/em><\/p>\n<p><span style=\"text-decoration: underline;\">Additionally<\/span>:<\/p>\n<p>Introduction to roles and role-playing<\/p>\n<p><em>Simone R\u00f6dder<\/em><\/td>\n<\/tr>\n<tr>\n<td width=\"66\">4<\/p>\n<p>25.04.<\/td>\n<td width=\"576\">\n<div>The physical plausibility assessment framework of the Hamburg Future Climates Outlook 2023: Thawing permafrost effects on the remaining carbon budget<\/div>\n<p data-ccp-props=\"{&quot;335559683&quot;:0,&quot;335559685&quot;:0,&quot;335559731&quot;:0,&quot;335559737&quot;:0,&quot;335562764&quot;:2,&quot;335562765&quot;:1,&quot;335562766&quot;:4,&quot;335562767&quot;:0,&quot;335562768&quot;:4,&quot;335562769&quot;:0}\"><em>Lars Kutzbach<\/em><\/p>\n<p data-ccp-props=\"{&quot;335559683&quot;:0,&quot;335559685&quot;:0,&quot;335559731&quot;:0,&quot;335559737&quot;:0,&quot;335562764&quot;:2,&quot;335562765&quot;:1,&quot;335562766&quot;:4,&quot;335562767&quot;:0,&quot;335562768&quot;:4,&quot;335562769&quot;:0}\"><span style=\"text-decoration: underline;\">Additionally<\/span>:<\/p>\n<p data-ccp-props=\"{&quot;335559683&quot;:0,&quot;335559685&quot;:0,&quot;335559731&quot;:0,&quot;335559737&quot;:0,&quot;335562764&quot;:2,&quot;335562765&quot;:1,&quot;335562766&quot;:4,&quot;335562767&quot;:0,&quot;335562768&quot;:4,&quot;335562769&quot;:0}\"><strong>Role-play #1:<\/strong> Social science roleplay<\/p>\n<\/td>\n<\/tr>\n<tr>\n<td width=\"66\">5<\/p>\n<p><span class=\"TextRun BCX2 SCXP21413586\" lang=\"EN-GB\" xml:lang=\"EN-GB\" data-usefontface=\"true\" data-contrast=\"none\"><span class=\"NormalTextRun BCX2 SCXP21413586\">02.05.<\/span><\/span><\/td>\n<td width=\"576\"><span lang=\"EN-GB\">Can we predict climate?<u><\/u><\/span><\/p>\n<p><em>Johanna Baehr<\/em><\/p>\n<p><span style=\"text-decoration: underline;\">Additionally:<\/span><\/p>\n<p>Introduction to poster task<\/td>\n<\/tr>\n<tr>\n<td width=\"66\">6<\/p>\n<p><span class=\"TextRun BCX2 SCXP74812071\" lang=\"EN-GB\" xml:lang=\"EN-GB\" data-usefontface=\"true\" data-contrast=\"none\"><span class=\"NormalTextRun BCX2 SCXP74812071\">16.05.<\/span><\/span><\/td>\n<td width=\"576\">Communicating climate futures<\/p>\n<p><em>Matthias Revers<\/em><\/p>\n<p><span style=\"text-decoration: underline;\">Additionally:<\/span><\/p>\n<ul>\n<li><strong>Role-play #2:<\/strong> <span lang=\"EN-US\">Natural science roleplay<\/span><\/li>\n<\/ul>\n<\/td>\n<\/tr>\n<tr>\n<td width=\"66\">7<\/p>\n<p>30.05.<\/td>\n<td width=\"576\"><span class=\"TextRun BCX2 SCXP142979522\" lang=\"EN-US\" xml:lang=\"EN-US\" data-usefontface=\"true\" data-contrast=\"none\"><span class=\"NormalTextRun BCX2 SCXP142979522\">Climate Storylines and their use in IPCC AR6<\/span><\/span><\/p>\n<p><em>Jana Sillmann<\/em><\/p>\n<p><span style=\"text-decoration: underline;\">Additionally:<\/span><\/p>\n<p>First feedback on poster ideas<\/td>\n<\/tr>\n<tr>\n<td width=\"66\">8<\/p>\n<p>06.06.<\/td>\n<td width=\"576\">Input on poster design<\/p>\n<p><em>Hannah Russell<\/em><\/p>\n<p>How to organize a poster session<\/p>\n<p><em>J\u00f6rn Behrens<\/em><\/p>\n<p><span style=\"text-decoration: underline;\">A<\/span><span style=\"text-decoration: underline;\">dditionally:<\/span><\/p>\n<p>Organization of poster session event<\/p>\n<p>Discussion and voting on 3rd role play topic<\/td>\n<\/tr>\n<tr>\n<td width=\"66\">9<\/p>\n<p>13.06.<\/td>\n<td width=\"576\"><strong>3rd Role-play<\/strong>: How important should individual responsibility be in the subject of climate change mitigation?<\/p>\n<p><span style=\"text-decoration: underline;\">Additionally: <\/span><\/p>\n<p>Poster event organization<\/td>\n<\/tr>\n<tr>\n<td width=\"66\">10<\/p>\n<p>20.06.<\/td>\n<td width=\"576\"><span data-sheets-value=\"{&quot;1&quot;:2,&quot;2&quot;:&quot;Discussion uncertainty concept 2.0&quot;}\" data-sheets-userformat=\"{&quot;2&quot;:769,&quot;3&quot;:{&quot;1&quot;:0},&quot;11&quot;:4,&quot;12&quot;:0}\">Narrative-based near-term prediction of climate futures<\/span><\/p>\n<p><em>Leonard Borchert<\/em><\/p>\n<p><span style=\"text-decoration: underline;\">Additionally:<\/span><\/p>\n<p>Q&amp;A on posters<\/td>\n<\/tr>\n<tr>\n<td width=\"66\">11<\/p>\n<p>27.06.<\/td>\n<td width=\"576\">\n<div>\n<p>Climate, Climate Research, and Society<\/p>\n<p><em>Simone R\u00f6dder\/Youssef Ibrahim<\/em><\/p>\n<p><span style=\"text-decoration: underline;\">Additionally:<\/span><\/p>\n<\/div>\n<div>Poster drafts feedback- speed dating feedback on poster drafts<\/div>\n<div>Poster session organization<\/div>\n<\/td>\n<\/tr>\n<tr>\n<td width=\"66\">12<\/p>\n<p>04.07.<\/td>\n<td width=\"576\">Poster Session event and World Cafe<\/td>\n<\/tr>\n<tr>\n<td width=\"66\">13<\/p>\n<p>11.07.<\/td>\n<td width=\"576\"><span class=\"TextRun BCX2 SCXP160657996\" lang=\"EN-US\" xml:lang=\"EN-US\" data-usefontface=\"true\" data-contrast=\"none\"><span class=\"NormalTextRun BCX2 SCXP160657996\">Feedback and Conclusions\u00a0<\/span><\/span><\/td>\n<\/tr>\n<tr>\n<td width=\"66\"><\/td>\n<td width=\"576\"><\/td>\n<\/tr>\n<\/tbody>\n<\/table>\n","protected":false},"excerpt":{"rendered":"<p>&nbsp; Number Date Topic 1 04.04. Introduction to the course and to Climate Futures Lars Kutzbach 2 11.04. Introduction to the Hamburg Climate Futures Outlook Mauricio Andr\u00e9s L\u00f3pez Rivera Additionally: Introduction to the course blog J\u00f6rn Behrens 3 18.04. Mathematical perspectives on climate futures J\u00f6rn Behrens Additionally: Introduction to roles and role-playing Simone R\u00f6dder 4<a class=\"more-link\" href=\"https:\/\/uncertain2degrees.blogs.uni-hamburg.de\/?page_id=3211\">Continue reading <span class=\"screen-reader-text\">&#8220;Session Plan 2024&#8221;<\/span><\/a><\/p>\n","protected":false},"author":93,"featured_media":0,"parent":3199,"menu_order":0,"comment_status":"closed","ping_status":"closed","template":"","meta":{"jetpack_post_was_ever_published":false,"footnotes":""},"tags":[],"class_list":["post-3211","page","type-page","status-publish","hentry"],"jetpack_sharing_enabled":true,"_links":{"self":[{"href":"https:\/\/uncertain2degrees.blogs.uni-hamburg.de\/index.php?rest_route=\/wp\/v2\/pages\/3211","targetHints":{"allow":["GET"]}}],"collection":[{"href":"https:\/\/uncertain2degrees.blogs.uni-hamburg.de\/index.php?rest_route=\/wp\/v2\/pages"}],"about":[{"href":"https:\/\/uncertain2degrees.blogs.uni-hamburg.de\/index.php?rest_route=\/wp\/v2\/types\/page"}],"author":[{"embeddable":true,"href":"https:\/\/uncertain2degrees.blogs.uni-hamburg.de\/index.php?rest_route=\/wp\/v2\/users\/93"}],"replies":[{"embeddable":true,"href":"https:\/\/uncertain2degrees.blogs.uni-hamburg.de\/index.php?rest_route=%2Fwp%2Fv2%2Fcomments&post=3211"}],"version-history":[{"count":10,"href":"https:\/\/uncertain2degrees.blogs.uni-hamburg.de\/index.php?rest_route=\/wp\/v2\/pages\/3211\/revisions"}],"predecessor-version":[{"id":3512,"href":"https:\/\/uncertain2degrees.blogs.uni-hamburg.de\/index.php?rest_route=\/wp\/v2\/pages\/3211\/revisions\/3512"}],"up":[{"embeddable":true,"href":"https:\/\/uncertain2degrees.blogs.uni-hamburg.de\/index.php?rest_route=\/wp\/v2\/pages\/3199"}],"wp:attachment":[{"href":"https:\/\/uncertain2degrees.blogs.uni-hamburg.de\/index.php?rest_route=%2Fwp%2Fv2%2Fmedia&parent=3211"}],"wp:term":[{"taxonomy":"post_tag","embeddable":true,"href":"https:\/\/uncertain2degrees.blogs.uni-hamburg.de\/index.php?rest_route=%2Fwp%2Fv2%2Ftags&post=3211"}],"curies":[{"name":"wp","href":"https:\/\/api.w.org\/{rel}","templated":true}]}}